{"id":174,"date":"2024-03-05T00:20:02","date_gmt":"2024-03-04T23:20:02","guid":{"rendered":"https:\/\/www.bienejoe.at\/ShopBieneJoe\/?post_type=product&#038;p=174"},"modified":"2024-11-24T22:53:56","modified_gmt":"2024-11-24T21:53:56","slug":"bio-wachs","status":"publish","type":"product","link":"https:\/\/www.bienejoe.at\/ShopBieneJoe\/?product=bio-wachs","title":{"rendered":"Bio-Wachs"},"content":{"rendered":"<p>Das Wachs ist einmal gekl\u00e4rt und von sch\u00f6ner nat\u00fcrlicher gelber Farbe.<br \/>\nDas Wachs ist in leicht verwendbaren kleinen St\u00fccken gegossen. ca. 7,5 cm x 2,2 cm x 0,5-1,5 cm<br \/>\nIdeal geeignet f\u00fcr Bienenwachst\u00fccher<br \/>\n100 Gramm 4,50<br \/>\n250 Gramm 11<br \/>\n500 Gramm 21<br \/>\n1000 Gramm 40<\/p>\n","protected":false},"excerpt":{"rendered":"<p>Das Wachs ist einmal gekl\u00e4rt und von sch\u00f6ner nat\u00fcrlicher gelber Farbe. Das Wachs ist in leicht verwendbaren kleinen St\u00fccken gegossen. ca. 7,5 cm x 2,2 cm x 0,5-1,5 cm Ideal geeignet f\u00fcr Bienenwachst\u00fccher 100 Gramm 4,50 250 Gramm 11 500 Gramm 21 1000 Gramm 40<\/p>\n","protected":false},"featured_media":268,"comment_status":"open","ping_status":"closed","template":"","meta":[],"product_brand":[],"product_cat":[45],"product_tag":[],"class_list":{"0":"post-174","1":"product","2":"type-product","3":"status-publish","4":"has-post-thumbnail","6":"product_cat-bio-wachs","8":"first","9":"instock","10":"taxable","11":"shipping-taxable","12":"purchasable","13":"product-type-variable","14":"has-default-attributes"},"_links":{"self":[{"href":"https:\/\/www.bienejoe.at\/ShopBieneJoe\/index.php?rest_route=\/wp\/v2\/product\/174","targetHints":{"allow":["GET"]}}],"collection":[{"href":"https:\/\/www.bienejoe.at\/ShopBieneJoe\/index.php?rest_route=\/wp\/v2\/product"}],"about":[{"href":"https:\/\/www.bienejoe.at\/ShopBieneJoe\/index.php?rest_route=\/wp\/v2\/types\/product"}],"replies":[{"embeddable":true,"href":"https:\/\/www.bienejoe.at\/ShopBieneJoe\/index.php?rest_route=%2Fwp%2Fv2%2Fcomments&post=174"}],"wp:featuredmedia":[{"embeddable":true,"href":"https:\/\/www.bienejoe.at\/ShopBieneJoe\/index.php?rest_route=\/wp\/v2\/media\/268"}],"wp:attachment":[{"href":"https:\/\/www.bienejoe.at\/ShopBieneJoe\/index.php?rest_route=%2Fwp%2Fv2%2Fmedia&parent=174"}],"wp:term":[{"taxonomy":"product_brand","embeddable":true,"href":"https:\/\/www.bienejoe.at\/ShopBieneJoe\/index.php?rest_route=%2Fwp%2Fv2%2Fproduct_brand&post=174"},{"taxonomy":"product_cat","embeddable":true,"href":"https:\/\/www.bienejoe.at\/ShopBieneJoe\/index.php?rest_route=%2Fwp%2Fv2%2Fproduct_cat&post=174"},{"taxonomy":"product_tag","embeddable":true,"href":"https:\/\/www.bienejoe.at\/ShopBieneJoe\/index.php?rest_route=%2Fwp%2Fv2%2Fproduct_tag&post=174"}],"curies":[{"name":"wp","href":"https:\/\/api.w.org\/{rel}","templated":true}]}}