{"id":768,"date":"2025-06-16T14:25:20","date_gmt":"2025-06-16T12:25:20","guid":{"rendered":"https:\/\/www.bienejoe.at\/ShopBieneJoe\/?post_type=product&#038;p=768"},"modified":"2026-03-21T09:02:31","modified_gmt":"2026-03-21T08:02:31","slug":"bio-wabenhonig","status":"publish","type":"product","link":"https:\/\/www.bienejoe.at\/ShopBieneJoe\/?product=bio-wabenhonig","title":{"rendered":"BIO-Wabenhonig"},"content":{"rendered":"<p>BIO-Wabenhonig\u00a0 der absolute Genuss von Honig<\/p>\n<p>Standorte Variable &#8211; je nach Verf\u00fcgbarkeit<\/p>\n<p>Kein Versand m\u00f6glich. Nur Abholung in Anton St\u00f6rck Gasse67,\u00a0 Wien. Oder Direktlieferung innerhalb Wien.<\/p>\n","protected":false},"excerpt":{"rendered":"<p>BIO-Wabenhonig\u00a0 der absolute Genuss von Honig Standorte Variable &#8211; je nach Verf\u00fcgbarkeit Kein Versand m\u00f6glich. Nur Abholung in Anton St\u00f6rck Gasse67,\u00a0 Wien. Oder Direktlieferung innerhalb Wien.<\/p>\n","protected":false},"featured_media":772,"comment_status":"open","ping_status":"closed","template":"","meta":[],"product_brand":[],"product_cat":[33],"product_tag":[],"class_list":{"0":"post-768","1":"product","2":"type-product","3":"status-publish","4":"has-post-thumbnail","6":"product_cat-bio-honige","8":"first","9":"outofstock","10":"purchasable","11":"product-type-variable"},"_links":{"self":[{"href":"https:\/\/www.bienejoe.at\/ShopBieneJoe\/index.php?rest_route=\/wp\/v2\/product\/768","targetHints":{"allow":["GET"]}}],"collection":[{"href":"https:\/\/www.bienejoe.at\/ShopBieneJoe\/index.php?rest_route=\/wp\/v2\/product"}],"about":[{"href":"https:\/\/www.bienejoe.at\/ShopBieneJoe\/index.php?rest_route=\/wp\/v2\/types\/product"}],"replies":[{"embeddable":true,"href":"https:\/\/www.bienejoe.at\/ShopBieneJoe\/index.php?rest_route=%2Fwp%2Fv2%2Fcomments&post=768"}],"wp:featuredmedia":[{"embeddable":true,"href":"https:\/\/www.bienejoe.at\/ShopBieneJoe\/index.php?rest_route=\/wp\/v2\/media\/772"}],"wp:attachment":[{"href":"https:\/\/www.bienejoe.at\/ShopBieneJoe\/index.php?rest_route=%2Fwp%2Fv2%2Fmedia&parent=768"}],"wp:term":[{"taxonomy":"product_brand","embeddable":true,"href":"https:\/\/www.bienejoe.at\/ShopBieneJoe\/index.php?rest_route=%2Fwp%2Fv2%2Fproduct_brand&post=768"},{"taxonomy":"product_cat","embeddable":true,"href":"https:\/\/www.bienejoe.at\/ShopBieneJoe\/index.php?rest_route=%2Fwp%2Fv2%2Fproduct_cat&post=768"},{"taxonomy":"product_tag","embeddable":true,"href":"https:\/\/www.bienejoe.at\/ShopBieneJoe\/index.php?rest_route=%2Fwp%2Fv2%2Fproduct_tag&post=768"}],"curies":[{"name":"wp","href":"https:\/\/api.w.org\/{rel}","templated":true}]}}